{"id":1059,"date":"2025-05-24T14:37:40","date_gmt":"2025-05-24T21:37:40","guid":{"rendered":"https:\/\/fcsgroupinc.com\/?page_id=1059"},"modified":"2025-06-13T11:07:23","modified_gmt":"2025-06-13T18:07:23","slug":"family-law","status":"publish","type":"page","link":"https:\/\/fcsgroupinc.com\/es\/family-law\/","title":{"rendered":"Derecho de Familia"},"content":{"rendered":"<div class=\"wp-block-stackable-heading stk-block-heading stk-block-heading--v2 stk-block stk-3c05c08\" id=\"family\" data-block-id=\"3c05c08\"><style>.stk-3c05c08 {margin-top:65px !important;}.stk-3c05c08 .stk-block-heading__text{color:var(--theme-palette-color-1, #a28834) !important;}<\/style><h2 class=\"stk-block-heading__text has-text-color\">Familia<\/h2><\/div>\n\n\n\n<div class=\"wp-block-stackable-divider stk-block-divider stk-block stk-4f24af2\" data-block-id=\"4f24af2\"><hr class=\"stk-block-divider__hr\"\/><\/div>\n\n\n\n<div class=\"wp-block-stackable-feature stk-block-feature stk-block stk-ebaf695 is-style-default\" data-v=\"2\" data-block-id=\"ebaf695\"><style>.stk-ebaf695 {--stk-feature-flex-wrap:nowrap !important;}<\/style><div class=\"stk-content-align stk-ebaf695-column stk-container stk-ebaf695-container stk--no-background stk--no-padding\"><div class=\"stk-inner-blocks stk-block-content stk-row\">\n<div class=\"wp-block-stackable-column stk-block-column stk-column stk-block stk-97cbaeb\" data-v=\"4\" data-block-id=\"97cbaeb\"><style>.stk-97cbaeb {align-self:center !important;}<\/style><div class=\"stk-column-wrapper stk-block-column__content stk-container stk-97cbaeb-container stk--no-background stk--no-padding\"><div class=\"stk-block-content stk-inner-blocks stk-97cbaeb-inner-blocks\">\n<div class=\"wp-block-stackable-heading stk-block-heading stk-block-heading--v2 stk-block stk-958d236\" id=\"why-you-should-hire-us\" data-block-id=\"958d236\"><h2 class=\"stk-block-heading__text\">\u00bfPor qu\u00e9 deber\u00eda contratarnos?<\/h2><\/div>\n\n\n\n<div class=\"wp-block-stackable-text stk-block-text stk-block stk-d3feab8\" data-block-id=\"d3feab8\"><p class=\"stk-block-text__text\">Los asuntos legales familiares suelen ser emotivos y complejos. Nuestro bufete est\u00e1 aqu\u00ed para guiarle con compasi\u00f3n, profesionalismo y fortaleza en cada etapa del proceso legal.<\/p><\/div>\n\n\n\n<div class=\"wp-block-stackable-button-group stk-block-button-group stk-block stk-e44619d\" data-block-id=\"e44619d\"><div class=\"stk-row stk-inner-blocks stk-block-content stk-button-group\">\n<div class=\"wp-block-stackable-button stk-block-button stk-block stk-494b5af\" data-block-id=\"494b5af\"><a class=\"stk-link stk-button stk--hover-effect-darken\" href=\"https:\/\/fcsgroupinc.com\/es\/contact\/\"><span class=\"stk-button__inner-text\">Cont\u00e1ctanos<\/span><\/a><\/div>\n<\/div><\/div>\n<\/div><\/div><\/div>\n\n\n\n<div class=\"wp-block-stackable-column stk-block-column stk-column stk-block stk-21aab37\" data-v=\"4\" data-block-id=\"21aab37\"><style>.stk-21aab37 {align-self:center !important;}<\/style><div class=\"stk-column-wrapper stk-block-column__content stk-container stk-21aab37-container stk--no-background stk--no-padding\"><div class=\"stk-block-content stk-inner-blocks stk-21aab37-inner-blocks\">\n<div class=\"wp-block-stackable-image stk-block-image stk-block stk-14a88d5\" data-block-id=\"14a88d5\"><figure><span class=\"stk-img-wrapper stk-image--shape-stretch\"><img loading=\"lazy\" decoding=\"async\" class=\"stk-img wp-image-1061\" src=\"https:\/\/fcsgroupinc.com\/wp-content\/uploads\/2025\/05\/Family-Law-San-Diego-2022.1.jpg\" width=\"1200\" height=\"628\" srcset=\"https:\/\/fcsgroupinc.com\/wp-content\/uploads\/2025\/05\/Family-Law-San-Diego-2022.1.jpg 1200w, https:\/\/fcsgroupinc.com\/wp-content\/uploads\/2025\/05\/Family-Law-San-Diego-2022.1-300x157.jpg 300w, https:\/\/fcsgroupinc.com\/wp-content\/uploads\/2025\/05\/Family-Law-San-Diego-2022.1-1024x536.jpg 1024w, https:\/\/fcsgroupinc.com\/wp-content\/uploads\/2025\/05\/Family-Law-San-Diego-2022.1-768x402.jpg 768w, https:\/\/fcsgroupinc.com\/wp-content\/uploads\/2025\/05\/Family-Law-San-Diego-2022.1-18x9.jpg 18w\" sizes=\"auto, (max-width: 1200px) 100vw, 1200px\" \/><\/span><\/figure><\/div>\n<\/div><\/div><\/div>\n<\/div><\/div><\/div>\n\n\n\n<p>Los casos de derecho familiar implican decisiones cruciales y emociones intensas. Contar con un abogado experimentado a su lado ofrece ventajas clave:<\/p>\n\n\n\n<ul class=\"wp-block-list\">\n<li><strong>Protecci\u00f3n jur\u00eddica plena<\/strong>Nos aseguramos de que sus derechos est\u00e9n totalmente protegidos en cada etapa.<\/li>\n\n\n\n<li><strong>Negociaci\u00f3n estrat\u00e9gica<\/strong>Nuestro objetivo es lograr acuerdos justos sin comprometer sus prioridades.<\/li>\n\n\n\n<li><strong>Representaci\u00f3n judicial<\/strong>:Si se hace necesario un litigio, abogamos firmemente en su nombre.<\/li>\n\n\n\n<li><strong>Estr\u00e9s reducido<\/strong>Usted conc\u00e9ntrese en su familia: nosotros nos encargaremos de las complejidades legales.<\/li>\n<\/ul>\n\n\n\n<p>Conf\u00ede en un equipo legal que lo escucha, apoya y defiende. Cont\u00e1ctenos hoy para programar una consulta confidencial.<\/p>\n\n\n\n<div class=\"wp-block-stackable-button-group stk-block-button-group stk-block stk-148d779\" data-block-id=\"148d779\"><div class=\"stk-row stk-inner-blocks stk-block-content stk-button-group\">\n<div class=\"wp-block-stackable-button stk-block-button stk-block stk-958da85\" data-block-id=\"958da85\"><a class=\"stk-link stk-button stk--hover-effect-darken\" href=\"https:\/\/fcsgroupinc.com\/es\/contact\/\"><span class=\"stk-button__inner-text\">Cont\u00e1ctanos<\/span><\/a><\/div>\n<\/div><\/div>\n\n\n\n<details class=\"wp-block-stackable-accordion stk-block-accordion stk-inner-blocks stk-block-content stk-block stk-71f1ee6 is-style-default\" data-block-id=\"71f1ee6\">\n<summary class=\"wp-block-stackable-column stk-block-column stk-column stk-block stk-a3b04f4 stk--container-small stk-block-accordion__heading\" data-v=\"4\" data-block-id=\"a3b04f4\"><div class=\"stk-column-wrapper stk-block-column__content stk-container stk-a3b04f4-container stk-hover-parent\"><div class=\"stk-block-content stk-inner-blocks stk-a3b04f4-inner-blocks\">\n<div class=\"wp-block-stackable-icon-label stk-block-icon-label stk-block stk-13c4d55\" data-block-id=\"13c4d55\"><div class=\"stk-row stk-inner-blocks stk-block-content\">\n<div class=\"wp-block-stackable-heading stk-block-heading stk-block-heading--v2 stk-block stk-883276e\" id=\"divorce\" data-block-id=\"883276e\"><h4 class=\"stk-block-heading__text\">Divorcio<\/h4><\/div>\n\n\n\n<div class=\"wp-block-stackable-icon stk-block-icon stk-block stk-a8f1b44\" data-block-id=\"a8f1b44\"><span class=\"stk--svg-wrapper\"><div class=\"stk--inner-svg\"><svg style=\"height:0;width:0\"><defs><lineargradient id=\"linear-gradient-a8f1b44\" x1=\"0\" x2=\"100%\" y1=\"0\" y2=\"0\"><stop offset=\"0%\" style=\"stop-opacity:1;stop-color:var(--linear-gradient-a-8-f-1-b-44-color-1)\"><\/stop><stop offset=\"100%\" style=\"stop-opacity:1;stop-color:var(--linear-gradient-a-8-f-1-b-44-color-2)\"><\/stop><\/lineargradient><\/defs><\/svg><svg data-prefix=\"fas\" data-icon=\"chevron-down\" class=\"svg-inline--fa fa-chevron-down fa-w-14\" xmlns=\"http:\/\/www.w3.org\/2000\/svg\" viewbox=\"0 0 448 512\" aria-hidden=\"true\" width=\"32\" height=\"32\"><path fill=\"currentColor\" d=\"M207.029 381.476L12.686 187.132c-9.373-9.373-9.373-24.569 0-33.941l22.667-22.667c9.357-9.357 24.522-9.375 33.901-.04L224 284.505l154.745-154.021c9.379-9.335 24.544-9.317 33.901.04l22.667 22.667c9.373 9.373 9.373 24.569 0 33.941L240.971 381.476c-9.373 9.372-24.569 9.372-33.942 0z\"><\/path><\/svg><\/div><\/span><\/div>\n<\/div><\/div>\n<\/div><\/div><\/summary>\n\n\n\n<div class=\"wp-block-stackable-column stk-block-column stk-column stk-block stk-54b5a68 stk-block-accordion__content\" data-v=\"4\" data-block-id=\"54b5a68\"><div class=\"stk-column-wrapper stk-block-column__content stk-container stk-54b5a68-container stk--no-background stk--no-padding\"><div class=\"stk-block-content stk-inner-blocks stk-54b5a68-inner-blocks\">\n<div class=\"wp-block-stackable-text stk-block-text stk-block stk-940f9b3\" data-block-id=\"940f9b3\"><p class=\"stk-block-text__text\">El divorcio es una de las transiciones m\u00e1s dif\u00edciles de la vida. Le ayudamos a gestionar los aspectos legales de forma clara y justa, desde la divisi\u00f3n de bienes hasta los acuerdos de manutenci\u00f3n conyugal. Ya sea que su divorcio sea de mutuo acuerdo o muy controvertido, nos comprometemos a proteger sus derechos y asegurar su futuro.<\/p><\/div>\n<\/div><\/div><\/div>\n<\/details>\n\n\n\n<details class=\"wp-block-stackable-accordion stk-block-accordion stk-inner-blocks stk-block-content stk-block stk-8a8ffc8 is-style-default\" data-block-id=\"8a8ffc8\">\n<summary class=\"wp-block-stackable-column stk-block-column stk-column stk-block stk-0395d66 stk--container-small stk-block-accordion__heading\" data-v=\"4\" data-block-id=\"0395d66\"><div class=\"stk-column-wrapper stk-block-column__content stk-container stk-0395d66-container stk-hover-parent\"><div class=\"stk-block-content stk-inner-blocks stk-0395d66-inner-blocks\">\n<div class=\"wp-block-stackable-icon-label stk-block-icon-label stk-block stk-0d09b87\" data-block-id=\"0d09b87\"><div class=\"stk-row stk-inner-blocks stk-block-content\">\n<div class=\"wp-block-stackable-heading stk-block-heading stk-block-heading--v2 stk-block stk-f054f00\" id=\"child-custody-disputes\" data-block-id=\"f054f00\"><h4 class=\"stk-block-heading__text\">Disputas por la custodia de los hijos<\/h4><\/div>\n\n\n\n<div class=\"wp-block-stackable-icon stk-block-icon stk-block stk-77af864\" data-block-id=\"77af864\"><span class=\"stk--svg-wrapper\"><div class=\"stk--inner-svg\"><svg style=\"height:0;width:0\"><defs><lineargradient id=\"linear-gradient-77af864\" x1=\"0\" x2=\"100%\" y1=\"0\" y2=\"0\"><stop offset=\"0%\" style=\"stop-opacity:1;stop-color:var(--linear-gradient-77-af-864-color-1)\"><\/stop><stop offset=\"100%\" style=\"stop-opacity:1;stop-color:var(--linear-gradient-77-af-864-color-2)\"><\/stop><\/lineargradient><\/defs><\/svg><svg data-prefix=\"fas\" data-icon=\"chevron-down\" class=\"svg-inline--fa fa-chevron-down fa-w-14\" xmlns=\"http:\/\/www.w3.org\/2000\/svg\" viewbox=\"0 0 448 512\" aria-hidden=\"true\" width=\"32\" height=\"32\"><path fill=\"currentColor\" d=\"M207.029 381.476L12.686 187.132c-9.373-9.373-9.373-24.569 0-33.941l22.667-22.667c9.357-9.357 24.522-9.375 33.901-.04L224 284.505l154.745-154.021c9.379-9.335 24.544-9.317 33.901.04l22.667 22.667c9.373 9.373 9.373 24.569 0 33.941L240.971 381.476c-9.373 9.372-24.569 9.372-33.942 0z\"><\/path><\/svg><\/div><\/span><\/div>\n<\/div><\/div>\n<\/div><\/div><\/summary>\n\n\n\n<div class=\"wp-block-stackable-column stk-block-column stk-column stk-block stk-b353ad8 stk-block-accordion__content\" data-v=\"4\" data-block-id=\"b353ad8\"><div class=\"stk-column-wrapper stk-block-column__content stk-container stk-b353ad8-container stk--no-background stk--no-padding\"><div class=\"stk-block-content stk-inner-blocks stk-b353ad8-inner-blocks\">\n<div class=\"wp-block-stackable-text stk-block-text stk-block stk-40ec93c\" data-block-id=\"40ec93c\"><p class=\"stk-block-text__text\">La custodia de menores es una de las \u00e1reas m\u00e1s sensibles del derecho de familia. Nos centramos siempre en lo m\u00e1s importante: el bienestar de su hijo. Representamos a padres en casos de custodia legal y f\u00edsica, derechos de visita y modificaciones de la custodia, buscando siempre resultados que beneficien al menor.<\/p><\/div>\n<\/div><\/div><\/div>\n<\/details>\n\n\n\n<details class=\"wp-block-stackable-accordion stk-block-accordion stk-inner-blocks stk-block-content stk-block stk-db0321b is-style-default\" data-block-id=\"db0321b\">\n<summary class=\"wp-block-stackable-column stk-block-column stk-column stk-block stk-0f4febc stk--container-small stk-block-accordion__heading\" data-v=\"4\" data-block-id=\"0f4febc\"><div class=\"stk-column-wrapper stk-block-column__content stk-container stk-0f4febc-container stk-hover-parent\"><div class=\"stk-block-content stk-inner-blocks stk-0f4febc-inner-blocks\">\n<div class=\"wp-block-stackable-icon-label stk-block-icon-label stk-block stk-e63059b\" data-block-id=\"e63059b\"><div class=\"stk-row stk-inner-blocks stk-block-content\">\n<div class=\"wp-block-stackable-heading stk-block-heading stk-block-heading--v2 stk-block stk-755a29f\" id=\"child-support\" data-block-id=\"755a29f\"><h4 class=\"stk-block-heading__text\">Manutenci\u00f3n infantil<\/h4><\/div>\n\n\n\n<div class=\"wp-block-stackable-icon stk-block-icon stk-block stk-1110bd9\" data-block-id=\"1110bd9\"><span class=\"stk--svg-wrapper\"><div class=\"stk--inner-svg\"><svg style=\"height:0;width:0\"><defs><lineargradient id=\"linear-gradient-1110bd9\" x1=\"0\" x2=\"100%\" y1=\"0\" y2=\"0\"><stop offset=\"0%\" style=\"stop-opacity:1;stop-color:var(--linear-gradient-1110-bd-9-color-1)\"><\/stop><stop offset=\"100%\" style=\"stop-opacity:1;stop-color:var(--linear-gradient-1110-bd-9-color-2)\"><\/stop><\/lineargradient><\/defs><\/svg><svg data-prefix=\"fas\" data-icon=\"chevron-down\" class=\"svg-inline--fa fa-chevron-down fa-w-14\" xmlns=\"http:\/\/www.w3.org\/2000\/svg\" viewbox=\"0 0 448 512\" aria-hidden=\"true\" width=\"32\" height=\"32\"><path fill=\"currentColor\" d=\"M207.029 381.476L12.686 187.132c-9.373-9.373-9.373-24.569 0-33.941l22.667-22.667c9.357-9.357 24.522-9.375 33.901-.04L224 284.505l154.745-154.021c9.379-9.335 24.544-9.317 33.901.04l22.667 22.667c9.373 9.373 9.373 24.569 0 33.941L240.971 381.476c-9.373 9.372-24.569 9.372-33.942 0z\"><\/path><\/svg><\/div><\/span><\/div>\n<\/div><\/div>\n<\/div><\/div><\/summary>\n\n\n\n<div class=\"wp-block-stackable-column stk-block-column stk-column stk-block stk-d60521c stk-block-accordion__content\" data-v=\"4\" data-block-id=\"d60521c\"><div class=\"stk-column-wrapper stk-block-column__content stk-container stk-d60521c-container stk--no-background stk--no-padding\"><div class=\"stk-block-content stk-inner-blocks stk-d60521c-inner-blocks\">\n<div class=\"wp-block-stackable-text stk-block-text stk-block stk-6a00d6a\" data-block-id=\"6a00d6a\"><p class=\"stk-block-text__text\">La manutenci\u00f3n infantil garantiza la estabilidad financiera de sus hijos. Ya sea que necesite establecer, modificar o hacer cumplir una orden de manutenci\u00f3n, estamos aqu\u00ed para ayudarle. Nuestro objetivo es alcanzar un acuerdo justo y sostenible que refleje las necesidades de sus hijos y sus circunstancias.<\/p><\/div>\n<\/div><\/div><\/div>\n<\/details>","protected":false},"excerpt":{"rendered":"<p>Family Why You Should Hire Us Family-related legal matters are often emotional and complex. Our firm is here to guide you with compassion, professionalism, and strength through each step of the legal process. Contact us Family law cases involve life-changing decisions and strong emotions. Having an experienced attorney by your side offers key advantages: Trust [&hellip;]<\/p>","protected":false},"author":1,"featured_media":0,"parent":0,"menu_order":0,"comment_status":"closed","ping_status":"closed","template":"","meta":{"footnotes":""},"class_list":["post-1059","page","type-page","status-publish","hentry"],"blocksy_meta":[],"_links":{"self":[{"href":"https:\/\/fcsgroupinc.com\/es\/wp-json\/wp\/v2\/pages\/1059","targetHints":{"allow":["GET"]}}],"collection":[{"href":"https:\/\/fcsgroupinc.com\/es\/wp-json\/wp\/v2\/pages"}],"about":[{"href":"https:\/\/fcsgroupinc.com\/es\/wp-json\/wp\/v2\/types\/page"}],"author":[{"embeddable":true,"href":"https:\/\/fcsgroupinc.com\/es\/wp-json\/wp\/v2\/users\/1"}],"replies":[{"embeddable":true,"href":"https:\/\/fcsgroupinc.com\/es\/wp-json\/wp\/v2\/comments?post=1059"}],"version-history":[{"count":5,"href":"https:\/\/fcsgroupinc.com\/es\/wp-json\/wp\/v2\/pages\/1059\/revisions"}],"predecessor-version":[{"id":1107,"href":"https:\/\/fcsgroupinc.com\/es\/wp-json\/wp\/v2\/pages\/1059\/revisions\/1107"}],"wp:attachment":[{"href":"https:\/\/fcsgroupinc.com\/es\/wp-json\/wp\/v2\/media?parent=1059"}],"curies":[{"name":"wp","href":"https:\/\/api.w.org\/{rel}","templated":true}]}}