{"id":1031,"date":"2025-05-23T20:19:37","date_gmt":"2025-05-24T03:19:37","guid":{"rendered":"https:\/\/fcsgroupinc.com\/civil-law\/"},"modified":"2025-05-28T11:23:46","modified_gmt":"2025-05-28T18:23:46","slug":"civil-law","status":"publish","type":"page","link":"https:\/\/fcsgroupinc.com\/es\/civil-law\/","title":{"rendered":"Derecho civil"},"content":{"rendered":"<div class=\"wp-block-stackable-heading stk-block-heading stk-block-heading--v2 stk-block stk-0c703f1\" id=\"civil-law\" data-block-id=\"0c703f1\"><style>.stk-0c703f1 {margin-top:38px !important;}.stk-0c703f1 .stk-block-heading__text{color:var(--theme-palette-color-1, #a28834) !important;}<\/style><h2 class=\"stk-block-heading__text has-text-color\">Derecho Civil<\/h2><\/div>\n\n\n\n<div class=\"wp-block-stackable-divider stk-block-divider stk-block stk-11d70b6\" data-block-id=\"11d70b6\"><hr class=\"stk-block-divider__hr\"\/><\/div>\n\n\n\n<div class=\"wp-block-stackable-feature stk-block-feature stk-block stk-f0f2c74 is-style-default\" data-v=\"2\" data-block-id=\"f0f2c74\"><style>.stk-f0f2c74 {--stk-feature-flex-wrap:nowrap !important;}<\/style><div class=\"stk-content-align stk-f0f2c74-column stk-container stk-f0f2c74-container stk--no-background stk--no-padding\"><div class=\"stk-inner-blocks stk-block-content stk-row\">\n<div class=\"wp-block-stackable-column stk-block-column stk-column stk-block stk-69f433f\" data-v=\"4\" data-block-id=\"69f433f\"><style>.stk-69f433f {align-self:center !important;}<\/style><div class=\"stk-column-wrapper stk-block-column__content stk-container stk-69f433f-container stk--no-background stk--no-padding\"><div class=\"stk-block-content stk-inner-blocks stk-69f433f-inner-blocks\">\n<div class=\"wp-block-stackable-heading stk-block-heading stk-block-heading--v2 stk-block stk-bfccddf\" id=\"general-civil-litigation\" data-block-id=\"bfccddf\"><h3 class=\"stk-block-heading__text\">Litigios Civiles Generales<\/h3><\/div>\n\n\n\n<div class=\"wp-block-stackable-text stk-block-text stk-block stk-0ec51bb\" data-block-id=\"0ec51bb\"><p class=\"stk-block-text__text\">Nuestros servicios de derecho civil abarcan una amplia gama de asuntos legales dise\u00f1ados para proteger sus derechos y resolver disputas de manera eficiente. Atendemos casos relacionados con contratos, disputas de propiedad, asuntos entre propietarios e inquilinos, demandas por lesiones personales y asuntos de derecho familiar como divorcios, custodia y manutenci\u00f3n. Nuestros abogados con amplia experiencia se dedican a guiar a nuestros clientes en cada etapa del proceso legal, ya sea negociaci\u00f3n, mediaci\u00f3n o litigio. Nos comprometemos a brindar soluciones legales personalizadas y adaptadas a su situaci\u00f3n particular, garantizando que sus intereses sean representados con profesionalismo y esmero.<\/p><\/div>\n\n\n\n<div class=\"wp-block-stackable-button-group stk-block-button-group stk-block stk-d517674\" data-block-id=\"d517674\"><div class=\"stk-row stk-inner-blocks stk-block-content stk-button-group\">\n<div class=\"wp-block-stackable-button stk-block-button stk-block stk-056ee4f\" data-block-id=\"056ee4f\"><a class=\"stk-link stk-button stk--hover-effect-darken\" href=\"https:\/\/fcsgroupinc.com\/es\/contact\/\"><span class=\"stk-button__inner-text\">Cont\u00e1ctanos<\/span><\/a><\/div>\n<\/div><\/div>\n<\/div><\/div><\/div>\n\n\n\n<div class=\"wp-block-stackable-column stk-block-column stk-column stk-block stk-01a57c2\" data-v=\"4\" data-block-id=\"01a57c2\"><style>.stk-01a57c2 {align-self:center !important;}<\/style><div class=\"stk-column-wrapper stk-block-column__content stk-container stk-01a57c2-container stk--no-background stk--no-padding\"><div class=\"stk-block-content stk-inner-blocks stk-01a57c2-inner-blocks\">\n<div class=\"wp-block-stackable-image stk-block-image stk-block stk-32dfb6f\" data-block-id=\"32dfb6f\"><figure><span class=\"stk-img-wrapper stk-image--shape-stretch\"><img loading=\"lazy\" decoding=\"async\" class=\"stk-img wp-image-1033\" src=\"https:\/\/fcsgroupinc.com\/wp-content\/uploads\/2025\/05\/Civil-Lawyer-Indianapolis-Indiana.jpg\" width=\"900\" height=\"506\" srcset=\"https:\/\/fcsgroupinc.com\/wp-content\/uploads\/2025\/05\/Civil-Lawyer-Indianapolis-Indiana.jpg 900w, https:\/\/fcsgroupinc.com\/wp-content\/uploads\/2025\/05\/Civil-Lawyer-Indianapolis-Indiana-300x169.jpg 300w, https:\/\/fcsgroupinc.com\/wp-content\/uploads\/2025\/05\/Civil-Lawyer-Indianapolis-Indiana-768x432.jpg 768w, https:\/\/fcsgroupinc.com\/wp-content\/uploads\/2025\/05\/Civil-Lawyer-Indianapolis-Indiana-18x10.jpg 18w\" sizes=\"auto, (max-width: 900px) 100vw, 900px\" \/><\/span><\/figure><\/div>\n<\/div><\/div><\/div>\n<\/div><\/div><\/div>\n\n\n\n<details class=\"wp-block-stackable-accordion stk-block-accordion stk-inner-blocks stk-block-content stk-block stk-b96b565 is-style-default\" data-block-id=\"b96b565\">\n<summary class=\"wp-block-stackable-column stk-block-column stk-column stk-block stk-f4f1812 stk--container-small stk-block-accordion__heading\" data-v=\"4\" data-block-id=\"f4f1812\"><div class=\"stk-column-wrapper stk-block-column__content stk-container stk-f4f1812-container stk-hover-parent\"><div class=\"stk-block-content stk-inner-blocks stk-f4f1812-inner-blocks\">\n<div class=\"wp-block-stackable-icon-label stk-block-icon-label stk-block stk-3c75ee4\" data-block-id=\"3c75ee4\"><div class=\"stk-row stk-inner-blocks stk-block-content\">\n<div class=\"wp-block-stackable-heading stk-block-heading stk-block-heading--v2 stk-block stk-6d4f827\" id=\"civil-and-commercial-litigation\" data-block-id=\"6d4f827\"><h4 class=\"stk-block-heading__text\">Litigios Civiles y Comerciales<\/h4><\/div>\n\n\n\n<div class=\"wp-block-stackable-icon stk-block-icon stk-block stk-82b5e84\" data-block-id=\"82b5e84\"><span class=\"stk--svg-wrapper\"><div class=\"stk--inner-svg\"><svg style=\"height:0;width:0\"><defs><lineargradient id=\"linear-gradient-82b5e84\" x1=\"0\" x2=\"100%\" y1=\"0\" y2=\"0\"><stop offset=\"0%\" style=\"stop-opacity:1;stop-color:var(--linear-gradient-82-b-5-e-84-color-1)\"><\/stop><stop offset=\"100%\" style=\"stop-opacity:1;stop-color:var(--linear-gradient-82-b-5-e-84-color-2)\"><\/stop><\/lineargradient><\/defs><\/svg><svg data-prefix=\"fas\" data-icon=\"chevron-down\" class=\"svg-inline--fa fa-chevron-down fa-w-14\" xmlns=\"http:\/\/www.w3.org\/2000\/svg\" viewbox=\"0 0 448 512\" aria-hidden=\"true\" width=\"32\" height=\"32\"><path fill=\"currentColor\" d=\"M207.029 381.476L12.686 187.132c-9.373-9.373-9.373-24.569 0-33.941l22.667-22.667c9.357-9.357 24.522-9.375 33.901-.04L224 284.505l154.745-154.021c9.379-9.335 24.544-9.317 33.901.04l22.667 22.667c9.373 9.373 9.373 24.569 0 33.941L240.971 381.476c-9.373 9.372-24.569 9.372-33.942 0z\"><\/path><\/svg><\/div><\/span><\/div>\n<\/div><\/div>\n<\/div><\/div><\/summary>\n\n\n\n<div class=\"wp-block-stackable-column stk-block-column stk-column stk-block stk-798dd6c stk-block-accordion__content\" data-v=\"4\" data-block-id=\"798dd6c\"><div class=\"stk-column-wrapper stk-block-column__content stk-container stk-798dd6c-container stk--no-background stk--no-padding\"><div class=\"stk-block-content stk-inner-blocks stk-798dd6c-inner-blocks\">\n<p>Representamos a clientes en asuntos civiles y comerciales, incluyendo demandas por incumplimiento de contrato, responsabilidad civil extracontractual, quiebras y procedimientos contenciosos, litigios de responsabilidad por productos defectuosos y litigios entre franquiciadores y franquiciados. Contamos con amplia experiencia litigando todos los aspectos de casos civiles en representaci\u00f3n de clientes particulares y empresas.<\/p>\n<\/div><\/div><\/div>\n<\/details>\n\n\n\n<details class=\"wp-block-stackable-accordion stk-block-accordion stk-inner-blocks stk-block-content stk-block stk-96ac02a is-style-default\" data-block-id=\"96ac02a\">\n<summary class=\"wp-block-stackable-column stk-block-column stk-column stk-block stk-a932e89 stk--container-small stk-block-accordion__heading\" data-v=\"4\" data-block-id=\"a932e89\"><div class=\"stk-column-wrapper stk-block-column__content stk-container stk-a932e89-container stk-hover-parent\"><div class=\"stk-block-content stk-inner-blocks stk-a932e89-inner-blocks\">\n<div class=\"wp-block-stackable-icon-label stk-block-icon-label stk-block stk-88bd11e\" data-block-id=\"88bd11e\"><div class=\"stk-row stk-inner-blocks stk-block-content\">\n<div class=\"wp-block-stackable-heading stk-block-heading stk-block-heading--v2 stk-block stk-7a57aa3\" id=\"labor-and-employment-law\" data-block-id=\"7a57aa3\"><h4 class=\"stk-block-heading__text\">Derecho Laboral y del Empleo<\/h4><\/div>\n\n\n\n<div class=\"wp-block-stackable-icon stk-block-icon stk-block stk-9ae2f2f\" data-block-id=\"9ae2f2f\"><span class=\"stk--svg-wrapper\"><div class=\"stk--inner-svg\"><svg style=\"height:0;width:0\"><defs><lineargradient id=\"linear-gradient-9ae2f2f\" x1=\"0\" x2=\"100%\" y1=\"0\" y2=\"0\"><stop offset=\"0%\" style=\"stop-opacity:1;stop-color:var(--linear-gradient-9-ae-2-f-2-f-color-1)\"><\/stop><stop offset=\"100%\" style=\"stop-opacity:1;stop-color:var(--linear-gradient-9-ae-2-f-2-f-color-2)\"><\/stop><\/lineargradient><\/defs><\/svg><svg data-prefix=\"fas\" data-icon=\"chevron-down\" class=\"svg-inline--fa fa-chevron-down fa-w-14\" xmlns=\"http:\/\/www.w3.org\/2000\/svg\" viewbox=\"0 0 448 512\" aria-hidden=\"true\" width=\"32\" height=\"32\"><path fill=\"currentColor\" d=\"M207.029 381.476L12.686 187.132c-9.373-9.373-9.373-24.569 0-33.941l22.667-22.667c9.357-9.357 24.522-9.375 33.901-.04L224 284.505l154.745-154.021c9.379-9.335 24.544-9.317 33.901.04l22.667 22.667c9.373 9.373 9.373 24.569 0 33.941L240.971 381.476c-9.373 9.372-24.569 9.372-33.942 0z\"><\/path><\/svg><\/div><\/span><\/div>\n<\/div><\/div>\n<\/div><\/div><\/summary>\n\n\n\n<div class=\"wp-block-stackable-column stk-block-column stk-column stk-block stk-df87ed9 stk-block-accordion__content\" data-v=\"4\" data-block-id=\"df87ed9\"><div class=\"stk-column-wrapper stk-block-column__content stk-container stk-df87ed9-container stk--no-background stk--no-padding\"><div class=\"stk-block-content stk-inner-blocks stk-df87ed9-inner-blocks\">\n<p>Representamos a empleados en sus acciones contra empleadores que los han tratado injustamente y representamos a otros clientes en asuntos laborales, de empleo y beneficios para empleados, incluyendo, por ejemplo, acciones por incumplimiento de contrato de trabajo, casos de discriminaci\u00f3n laboral, acciones por despido en represalia, casos de acoso sexual, procedimientos por pr\u00e1cticas laborales desleales y acciones por incumplimiento de acuerdos de no competencia o no solicitaci\u00f3n.<\/p>\n<\/div><\/div><\/div>\n<\/details>\n\n\n\n<details class=\"wp-block-stackable-accordion stk-block-accordion stk-inner-blocks stk-block-content stk-block stk-d0a9181 is-style-default\" data-block-id=\"d0a9181\">\n<summary class=\"wp-block-stackable-column stk-block-column stk-column stk-block stk-de5ebc1 stk--container-small stk-block-accordion__heading\" data-v=\"4\" data-block-id=\"de5ebc1\"><div class=\"stk-column-wrapper stk-block-column__content stk-container stk-de5ebc1-container stk-hover-parent\"><div class=\"stk-block-content stk-inner-blocks stk-de5ebc1-inner-blocks\">\n<div class=\"wp-block-stackable-icon-label stk-block-icon-label stk-block stk-c553e69\" data-block-id=\"c553e69\"><div class=\"stk-row stk-inner-blocks stk-block-content\">\n<div class=\"wp-block-stackable-heading stk-block-heading stk-block-heading--v2 stk-block stk-75ec715\" id=\"business-contracts-and-agreements\" data-block-id=\"75ec715\"><h4 class=\"stk-block-heading__text\">Contratos y acuerdos comerciales<\/h4><\/div>\n\n\n\n<div class=\"wp-block-stackable-icon stk-block-icon stk-block stk-d8cfdcc\" data-block-id=\"d8cfdcc\"><span class=\"stk--svg-wrapper\"><div class=\"stk--inner-svg\"><svg style=\"height:0;width:0\"><defs><lineargradient id=\"linear-gradient-d8cfdcc\" x1=\"0\" x2=\"100%\" y1=\"0\" y2=\"0\"><stop offset=\"0%\" style=\"stop-opacity:1;stop-color:var(--linear-gradient-d-8-cfdcc-color-1)\"><\/stop><stop offset=\"100%\" style=\"stop-opacity:1;stop-color:var(--linear-gradient-d-8-cfdcc-color-2)\"><\/stop><\/lineargradient><\/defs><\/svg><svg data-prefix=\"fas\" data-icon=\"chevron-down\" class=\"svg-inline--fa fa-chevron-down fa-w-14\" xmlns=\"http:\/\/www.w3.org\/2000\/svg\" viewbox=\"0 0 448 512\" aria-hidden=\"true\" width=\"32\" height=\"32\"><path fill=\"currentColor\" d=\"M207.029 381.476L12.686 187.132c-9.373-9.373-9.373-24.569 0-33.941l22.667-22.667c9.357-9.357 24.522-9.375 33.901-.04L224 284.505l154.745-154.021c9.379-9.335 24.544-9.317 33.901.04l22.667 22.667c9.373 9.373 9.373 24.569 0 33.941L240.971 381.476c-9.373 9.372-24.569 9.372-33.942 0z\"><\/path><\/svg><\/div><\/span><\/div>\n<\/div><\/div>\n<\/div><\/div><\/summary>\n\n\n\n<div class=\"wp-block-stackable-column stk-block-column stk-column stk-block stk-58c61d8 stk-block-accordion__content\" data-v=\"4\" data-block-id=\"58c61d8\"><div class=\"stk-column-wrapper stk-block-column__content stk-container stk-58c61d8-container stk--no-background stk--no-padding\"><div class=\"stk-block-content stk-inner-blocks stk-58c61d8-inner-blocks\">\n<div class=\"wp-block-stackable-text stk-block-text stk-block stk-e47b1a4\" data-block-id=\"e47b1a4\"><p class=\"stk-block-text__text\">Al preparar cuidadosamente los contratos y acuerdos comerciales, ayudamos a los empleadores y las empresas a operar de manera rentable, proteger sus intereses y limitar la responsabilidad potencial. Redactamos, negociamos y obligamos a la ejecuci\u00f3n de contratos que aumentan el apalancamiento de una empresa en cualquier escenario. Los contratos y convenios que redactamos para empleadores y empresas incluyen: Contratos de Trabajo, Contratos Comerciales, Contratos de No Competencia y Contratos de No Captaci\u00f3n.Descripci\u00f3n de este bloque. Utiliza este espacio para describir tu bloque. Cualquier texto es v\u00e1lido. Descripci\u00f3n de este bloque. Puedes utilizar este espacio para describir tu bloque.<\/p><\/div>\n<\/div><\/div><\/div>\n<\/details>\n\n\n\n<p><\/p>","protected":false},"excerpt":{"rendered":"<p>Civil Law General Civil Litigation Our civil law services encompass a wide range of legal matters designed to protect your rights and resolve disputes efficiently. We handle cases involving contracts, property disputes, landlord-tenant issues, personal injury claims, and family law matters such as divorce, custody, and support. Our experienced attorneys are dedicated to guiding clients [&hellip;]<\/p>","protected":false},"author":1,"featured_media":0,"parent":0,"menu_order":0,"comment_status":"closed","ping_status":"closed","template":"","meta":{"footnotes":""},"class_list":["post-1031","page","type-page","status-publish","hentry"],"blocksy_meta":[],"_links":{"self":[{"href":"https:\/\/fcsgroupinc.com\/es\/wp-json\/wp\/v2\/pages\/1031","targetHints":{"allow":["GET"]}}],"collection":[{"href":"https:\/\/fcsgroupinc.com\/es\/wp-json\/wp\/v2\/pages"}],"about":[{"href":"https:\/\/fcsgroupinc.com\/es\/wp-json\/wp\/v2\/types\/page"}],"author":[{"embeddable":true,"href":"https:\/\/fcsgroupinc.com\/es\/wp-json\/wp\/v2\/users\/1"}],"replies":[{"embeddable":true,"href":"https:\/\/fcsgroupinc.com\/es\/wp-json\/wp\/v2\/comments?post=1031"}],"version-history":[{"count":11,"href":"https:\/\/fcsgroupinc.com\/es\/wp-json\/wp\/v2\/pages\/1031\/revisions"}],"predecessor-version":[{"id":1086,"href":"https:\/\/fcsgroupinc.com\/es\/wp-json\/wp\/v2\/pages\/1031\/revisions\/1086"}],"wp:attachment":[{"href":"https:\/\/fcsgroupinc.com\/es\/wp-json\/wp\/v2\/media?parent=1031"}],"curies":[{"name":"wp","href":"https:\/\/api.w.org\/{rel}","templated":true}]}}