{"id":1005,"date":"2025-05-16T16:17:59","date_gmt":"2025-05-16T23:17:59","guid":{"rendered":"https:\/\/fcsgroupinc.com\/real-state\/"},"modified":"2025-05-16T16:33:36","modified_gmt":"2025-05-16T23:33:36","slug":"real-state","status":"publish","type":"page","link":"https:\/\/fcsgroupinc.com\/es\/real-state\/","title":{"rendered":"Bienes ra\u00edces"},"content":{"rendered":"<div class=\"wp-block-stackable-divider stk-block-divider stk-block stk-71c0bbd\" data-block-id=\"71c0bbd\"><hr class=\"stk-block-divider__hr\"\/><\/div>\n\n\n\n<div class=\"wp-block-stackable-heading stk-block-heading stk-block-heading--v2 stk-block stk-6ea5ddc\" id=\"real-state\" data-block-id=\"6ea5ddc\"><style>.stk-6ea5ddc .stk-block-heading__text{color:var(--theme-palette-color-1, #a28834) !important;}<\/style><h2 class=\"stk-block-heading__text has-text-color\">Bienes ra\u00edces<\/h2><\/div>\n\n\n\n<h3 class=\"wp-block-heading has-palette-color-3-color has-text-color has-link-color wp-elements-2693886cc4a4558f71ce9e05e0f1b4a6\">Litigios de ejecuci\u00f3n hipotecaria<\/h3>\n\n\n\n<h2 class=\"wp-block-heading has-palette-color-3-color has-text-color has-link-color has-medium-font-size wp-elements-761fe40384c94a4486d572094240a4d3\">\u00bfEst\u00e1 usted enfrentando una ejecuci\u00f3n hipotecaria?<\/h2>\n\n\n\n<p>Si enfrenta constantes amenazas y acoso por parte de su prestamista hipotecario, hay esperanza. Nuestros abogados expertos y compasivos en defensa de ejecuciones hipotecarias est\u00e1n listos para ayudarle a poner fin a este acoso. Contamos con una trayectoria comprobada defendiendo con \u00e9xito a nuestros clientes contra demandas de ejecuci\u00f3n hipotecaria. Sin embargo, es importante actuar con rapidez; cuanto m\u00e1s espere para contactar a uno de nuestros abogados especializados en ejecuciones hipotecarias, mayor ser\u00e1 su estr\u00e9s. Perm\u00edtanos gestionar sus asuntos de ejecuci\u00f3n hipotecaria con cuidado y dedicaci\u00f3n, y tenga la seguridad de que exploraremos todas las v\u00edas posibles para lograr un resultado favorable para usted. <\/p>\n\n\n\n<div class=\"wp-block-stackable-button-group stk-block-button-group stk-block stk-0fa21b5\" data-block-id=\"0fa21b5\"><div class=\"stk-row stk-inner-blocks stk-block-content stk-button-group\">\n<div class=\"wp-block-stackable-button stk-block-button stk-block stk-d15d5d1\" data-block-id=\"d15d5d1\"><a class=\"stk-link stk-button stk--hover-effect-darken\" href=\"https:\/\/fcsgroupinc.com\/es\/contact\/\"><span class=\"stk-button__inner-text\">Cont\u00e1ctenos<\/span><\/a><\/div>\n<\/div><\/div>\n\n\n\n<div class=\"wp-block-stackable-feature stk-block-feature stk-block stk-12d5de5 is-style-default\" data-v=\"2\" data-block-id=\"12d5de5\"><style>.stk-12d5de5 {--stk-feature-flex-wrap:nowrap !important;}<\/style><div class=\"stk-content-align stk-12d5de5-column stk-container stk-12d5de5-container stk--no-background stk--no-padding\"><div class=\"stk-inner-blocks stk-block-content stk-row\">\n<div class=\"wp-block-stackable-column stk-block-column stk-column stk-block stk-d9075c2\" data-v=\"4\" data-block-id=\"d9075c2\"><style>.stk-d9075c2 {align-self:center !important;}<\/style><div class=\"stk-column-wrapper stk-block-column__content stk-container stk-d9075c2-container stk--no-background stk--no-padding\"><div class=\"stk-block-content stk-inner-blocks stk-d9075c2-inner-blocks\">\n<div class=\"wp-block-stackable-heading stk-block-heading stk-block-heading--v2 stk-block stk-e4b31d8\" id=\"foreclosure-cases-can-be-complex\" data-block-id=\"e4b31d8\"><h4 class=\"stk-block-heading__text\">Los casos de ejecuci\u00f3n hipotecaria pueden ser complejos<\/h4><\/div>\n\n\n\n<div class=\"wp-block-stackable-text stk-block-text stk-block stk-ca7d33a\" data-block-id=\"ca7d33a\"><p class=\"stk-block-text__text\">Cuando solicit\u00f3 un pr\u00e9stamo al comprar su vivienda, es probable que el prestamista que lo gestion\u00f3 lo vendiera a otro prestamista en bloque, junto con otros pr\u00e9stamos hipotecarios. Por ello, es dif\u00edcil determinar qu\u00e9 prestamista tiene derecho a ejecutar la hipoteca de su vivienda. Nuestros abogados especializados en litigios de ejecuci\u00f3n hipotecaria son investigadores tenaces que investigan a fondo para encontrar todos los hechos relevantes que influyen en su caso. Tras la investigaci\u00f3n, acudimos al banco para iniciar los procedimientos de ejecuci\u00f3n hipotecaria y exigirles que demuestren que tienen derecho a ejecutarla. Incluso el m\u00e1s m\u00ednimo error en la titulizaci\u00f3n, el t\u00edtulo de propiedad o el proceso de notificaci\u00f3n judicial, se vuelve cada vez m\u00e1s dif\u00edcil probar su caso. En ese caso, el prestamista podr\u00eda estar dispuesto a aceptar una modificaci\u00f3n del pr\u00e9stamo, lo que le da un margen de maniobra que le permitir\u00e1 ponerse al d\u00eda con los pagos de su hipoteca. No se deje intimidar por la posibilidad de una ejecuci\u00f3n hipotecaria. <\/p><\/div>\n<\/div><\/div><\/div>\n\n\n\n<div class=\"wp-block-stackable-column stk-block-column stk-column stk-block stk-8c22c53\" data-v=\"4\" data-block-id=\"8c22c53\"><style>.stk-8c22c53 {align-self:center !important;}<\/style><div class=\"stk-column-wrapper stk-block-column__content stk-container stk-8c22c53-container stk--no-background stk--no-padding\"><div class=\"stk-block-content stk-inner-blocks stk-8c22c53-inner-blocks\">\n<div class=\"wp-block-stackable-image stk-block-image stk-block stk-19e333f\" data-block-id=\"19e333f\"><figure><span class=\"stk-img-wrapper stk-image--shape-stretch\"><img loading=\"lazy\" decoding=\"async\" class=\"stk-img wp-image-1007\" src=\"https:\/\/fcsgroupinc.com\/wp-content\/uploads\/2025\/05\/real-estate.jpg\" width=\"2000\" height=\"1333\" srcset=\"https:\/\/fcsgroupinc.com\/wp-content\/uploads\/2025\/05\/real-estate.jpg 2000w, https:\/\/fcsgroupinc.com\/wp-content\/uploads\/2025\/05\/real-estate-300x200.jpg 300w, https:\/\/fcsgroupinc.com\/wp-content\/uploads\/2025\/05\/real-estate-1024x682.jpg 1024w, https:\/\/fcsgroupinc.com\/wp-content\/uploads\/2025\/05\/real-estate-768x512.jpg 768w, https:\/\/fcsgroupinc.com\/wp-content\/uploads\/2025\/05\/real-estate-1536x1024.jpg 1536w, https:\/\/fcsgroupinc.com\/wp-content\/uploads\/2025\/05\/real-estate-18x12.jpg 18w\" sizes=\"auto, (max-width: 2000px) 100vw, 2000px\" \/><\/span><\/figure><\/div>\n<\/div><\/div><\/div>\n<\/div><\/div><\/div>\n\n\n\n<h3 class=\"wp-block-heading has-palette-color-3-color has-text-color has-link-color wp-elements-9ab9d890dbe4c6bbf4ba38a82801ee03\">Modificaci\u00f3n de pr\u00e9stamos\u00a0<\/h3>\n\n\n\n<h2 class=\"wp-block-heading has-palette-color-3-color has-text-color has-link-color has-medium-font-size wp-elements-128be3dd3bf8e07e26463bd074b867d4\">Obtenga un plan de modificaci\u00f3n de pr\u00e9stamo adaptado a sus necesidades<\/h2>\n\n\n\n<p>Con cada factura que llega por correo, la amenaza de ejecuci\u00f3n hipotecaria se acerca cada vez m\u00e1s. Sin embargo, no tiene por qu\u00e9 ser as\u00ed. Con el apoyo de nuestros abogados expertos en modificaci\u00f3n de pr\u00e9stamos, puede tener una oportunidad de luchar contra una deuda abrumadora. Explorar opciones para modificar los t\u00e9rminos de su pr\u00e9stamo hipotecario o considerar otras estrategias de defensa contra la ejecuci\u00f3n hipotecaria puede ayudarle a encontrar una salida. No se conforme con nada menos que la mejor soluci\u00f3n para su situaci\u00f3n.<\/p>\n\n\n\n<div class=\"wp-block-stackable-button-group stk-block-button-group stk-block stk-4d4a262\" data-block-id=\"4d4a262\"><div class=\"stk-row stk-inner-blocks stk-block-content stk-button-group\">\n<div class=\"wp-block-stackable-button stk-block-button stk-block stk-a4ad1c8\" data-block-id=\"a4ad1c8\"><a class=\"stk-link stk-button stk--hover-effect-darken\" href=\"https:\/\/fcsgroupinc.com\/es\/contact\/\"><span class=\"stk-button__inner-text\">Cont\u00e1ctanos<\/span><\/a><\/div>\n<\/div><\/div>\n\n\n\n<div class=\"wp-block-stackable-feature stk-block-feature stk-block stk-adc9c77 is-style-default\" data-v=\"2\" data-block-id=\"adc9c77\"><style>.stk-adc9c77 {--stk-feature-flex-wrap:nowrap !important;}<\/style><div class=\"stk-content-align stk-adc9c77-column stk-container stk-adc9c77-container stk--no-background stk--no-padding\"><div class=\"stk-inner-blocks stk-block-content stk-row\">\n<div class=\"wp-block-stackable-column stk-block-column stk-column stk-block stk-0f06b38\" data-v=\"4\" data-block-id=\"0f06b38\"><style>.stk-0f06b38 {align-self:center !important;}<\/style><div class=\"stk-column-wrapper stk-block-column__content stk-container stk-0f06b38-container stk--no-background stk--no-padding\"><div class=\"stk-block-content stk-inner-blocks stk-0f06b38-inner-blocks\">\n<div class=\"wp-block-stackable-heading stk-block-heading stk-block-heading--v2 stk-block stk-9144bfe\" id=\"are-there-any-disadvantages-to-loan-modification\" data-block-id=\"9144bfe\"><h4 class=\"stk-block-heading__text\">\u00bfExisten desventajas en la modificaci\u00f3n de pr\u00e9stamos?<\/h4><\/div>\n\n\n\n<div class=\"wp-block-stackable-text stk-block-text stk-block stk-961f820\" data-block-id=\"961f820\"><p class=\"stk-block-text__text\">La modificaci\u00f3n de pr\u00e9stamo puede ayudarle a conservar su vivienda; sin embargo, el proceso tiene algunas desventajas. Puede afectar su puntaje crediticio, dependiendo de la cantidad de pagos atrasados y de c\u00f3mo su prestamista reporte la modificaci\u00f3n de su pr\u00e9stamo a las agencias de cr\u00e9dito. Los procesos de modificaci\u00f3n tambi\u00e9n implican cargos elevados. En algunos casos, podr\u00eda a\u00f1adir estos cargos al capital principal. Aun as\u00ed, tendr\u00e1 que pagar los recargos por mora y otras penalizaciones a su prestamista. Y, despu\u00e9s de todo esto, podr\u00eda perder su vivienda si su situaci\u00f3n financiera no mejora lo suficiente como para volver a su plan de pagos habitual. Por eso, necesita consultar a un abogado con experiencia en defensa de ejecuciones hipotecarias para que le ayude a explorar todas sus opciones. Nuestro equipo legal tiene un excelente historial de \u00e9xito en la obtenci\u00f3n de resultados favorables para nuestros clientes.\u00a0<\/p><\/div>\n<\/div><\/div><\/div>\n\n\n\n<div class=\"wp-block-stackable-column stk-block-column stk-column stk-block stk-38d5c2a\" data-v=\"4\" data-block-id=\"38d5c2a\"><style>.stk-38d5c2a {align-self:center !important;}<\/style><div class=\"stk-column-wrapper stk-block-column__content stk-container stk-38d5c2a-container stk--no-background stk--no-padding\"><div class=\"stk-block-content stk-inner-blocks stk-38d5c2a-inner-blocks\">\n<div class=\"wp-block-stackable-image stk-block-image stk-block stk-d6521ec\" data-block-id=\"d6521ec\"><style>.stk-d6521ec .stk-img-wrapper{width:424px !important;}<\/style><figure><span class=\"stk-img-wrapper stk-image--shape-stretch\"><img loading=\"lazy\" decoding=\"async\" class=\"stk-img wp-image-1010\" src=\"https:\/\/fcsgroupinc.com\/wp-content\/uploads\/2025\/05\/LoanModification.jpg\" width=\"424\" height=\"283\" srcset=\"https:\/\/fcsgroupinc.com\/wp-content\/uploads\/2025\/05\/LoanModification.jpg 424w, https:\/\/fcsgroupinc.com\/wp-content\/uploads\/2025\/05\/LoanModification-300x200.jpg 300w, https:\/\/fcsgroupinc.com\/wp-content\/uploads\/2025\/05\/LoanModification-18x12.jpg 18w\" sizes=\"auto, (max-width: 424px) 100vw, 424px\" \/><\/span><\/figure><\/div>\n<\/div><\/div><\/div>\n<\/div><\/div><\/div>\n\n\n\n<p><\/p>","protected":false},"excerpt":{"rendered":"<p>Real State Foreclosure Litigation Are You Facing Foreclosure? If you are facing constant threats and harassment from your home lender, there is hope. Our experienced and compassionate foreclosure defense lawyers are ready to help you put an end to this harassment. We have a proven track record of successfully defending our clients against foreclosure claims. [&hellip;]<\/p>","protected":false},"author":1,"featured_media":0,"parent":0,"menu_order":0,"comment_status":"closed","ping_status":"closed","template":"","meta":{"footnotes":""},"class_list":["post-1005","page","type-page","status-publish","hentry"],"blocksy_meta":[],"_links":{"self":[{"href":"https:\/\/fcsgroupinc.com\/es\/wp-json\/wp\/v2\/pages\/1005","targetHints":{"allow":["GET"]}}],"collection":[{"href":"https:\/\/fcsgroupinc.com\/es\/wp-json\/wp\/v2\/pages"}],"about":[{"href":"https:\/\/fcsgroupinc.com\/es\/wp-json\/wp\/v2\/types\/page"}],"author":[{"embeddable":true,"href":"https:\/\/fcsgroupinc.com\/es\/wp-json\/wp\/v2\/users\/1"}],"replies":[{"embeddable":true,"href":"https:\/\/fcsgroupinc.com\/es\/wp-json\/wp\/v2\/comments?post=1005"}],"version-history":[{"count":2,"href":"https:\/\/fcsgroupinc.com\/es\/wp-json\/wp\/v2\/pages\/1005\/revisions"}],"predecessor-version":[{"id":1011,"href":"https:\/\/fcsgroupinc.com\/es\/wp-json\/wp\/v2\/pages\/1005\/revisions\/1011"}],"wp:attachment":[{"href":"https:\/\/fcsgroupinc.com\/es\/wp-json\/wp\/v2\/media?parent=1005"}],"curies":[{"name":"wp","href":"https:\/\/api.w.org\/{rel}","templated":true}]}}